{"id":3242,"date":"2014-06-25T21:31:56","date_gmt":"2014-06-25T21:31:56","guid":{"rendered":"http:\/\/grupovernon.com\/en\/?page_id=3242"},"modified":"2016-09-15T14:08:36","modified_gmt":"2016-09-15T14:08:36","slug":"human-resources","status":"publish","type":"page","link":"https:\/\/www.grupovernon.com\/en\/human-resources\/","title":{"rendered":"Human Resources"},"content":{"rendered":"<h2>Vernon is commited to a culsture of diversity and profesisonal growth for its professionals, of which 89% have University Degrees.<\/h2>\n<div class='team one-half'> <img src='http:\/\/grupovernon.com\/wp-content\/uploads\/2014\/08\/hr.jpg' alt='' \/><div class='arrow'><\/div>       <div class='team-member-info'>\n           <ul>\n               <li><h2>Oportunidades de carreiras<\/h2><\/li>               <li><h3><\/h3><\/li>           <\/ul>\n           <p>\nTo join Venron&#8217;s professionals, you must meet the following prerequisites: have a Bachelor&#8217;s or Undergraduate degree in: Information Engineering, Civing Engineering, Management, Accounting and Finance, Business Management, Human Resources Management, Marketing, International Relations, Legal Sciences;<br \/>\n<\/p>\n           <ul class='social-personal'>\n           <\/ul>       <\/div><\/div>\n<div class='team one-half'> <img src='http:\/\/grupovernon.com\/wp-content\/uploads\/2014\/08\/hr2.jpg' alt='' \/><div class='arrow'><\/div>       <div class='team-member-info'>\n           <ul>\n               <li><h2>Habilita\u00e7\u00f5es liter\u00e1rias<\/h2><\/li>               <li><h3><\/h3><\/li>           <\/ul>\n           <p>\nKnowledge of english, informatics (office tools), capacity to be organized, communicate, work under pressure, be a team player and be customer oriented.<br \/>\n<\/p>\n           <ul class='social-personal'>\n           <\/ul>       <\/div><\/div>\n<h2 class=\"hr-center\">Grupo Vernon selects the candidate that shows the best combination of competencies, skills, presentation, experience and adaptability to the job, providing an equal opportunity to all.<\/h2>\n<p>&nbsp;<\/p>\n<h2 class=\"hr-center\">To join the Group, submit your resume to <a href=\"mailto:rh@grupovernon.com\">rh@grupovernon.com<\/a><\/h2>\n<div class=\"job_listings\" data-location=\"\" data-keywords=\"\" data-show_filters=\"true\" data-show_pagination=\"false\" data-per_page=\"10\" data-orderby=\"featured\" data-order=\"DESC\" data-categories=\"\" >\n<form class=\"job_filters\">\n\t\n\t<div class=\"search_jobs\">\n\t\t\n\t\t<div class=\"search_keywords\">\n\t\t\t<label for=\"search_keywords\">Keywords<\/label>\n\t\t\t<input type=\"text\" name=\"search_keywords\" id=\"search_keywords\" placeholder=\"Keywords\" value=\"\" \/>\n\t\t<\/div>\n\n\t\t<div class=\"search_location\">\n\t\t\t<label for=\"search_location\">Location<\/label>\n\t\t\t<input type=\"text\" name=\"search_location\" id=\"search_location\" placeholder=\"Location\" value=\"\" \/>\n\t\t<\/div>\n\n\t\t\n\t\t\t<\/div>\n\n\t\t<ul class=\"job_types\">\n\t\t\t\t\t<li><label for=\"job_type_freelance-en\" class=\"freelance\"><input type=\"checkbox\" name=\"filter_job_type[]\" value=\"freelance-en\"  checked='checked' id=\"job_type_freelance-en\" \/> Freelance<\/label><\/li>\n\t\t\t\t\t<li><label for=\"job_type_full-time-en\" class=\"full-time\"><input type=\"checkbox\" name=\"filter_job_type[]\" value=\"full-time-en\"  checked='checked' id=\"job_type_full-time-en\" \/> Full Time<\/label><\/li>\n\t\t\t\t\t<li><label for=\"job_type_internship\" class=\"internship\"><input type=\"checkbox\" name=\"filter_job_type[]\" value=\"internship\"  checked='checked' id=\"job_type_internship\" \/> Internship<\/label><\/li>\n\t\t\t\t\t<li><label for=\"job_type_part-time-en\" class=\"part-time\"><input type=\"checkbox\" name=\"filter_job_type[]\" value=\"part-time-en\"  checked='checked' id=\"job_type_part-time-en\" \/> Part Time<\/label><\/li>\n\t\t\t\t\t<li><label for=\"job_type_temporary\" class=\"temporary\"><input type=\"checkbox\" name=\"filter_job_type[]\" value=\"temporary\"  checked='checked' id=\"job_type_temporary\" \/> Temporary<\/label><\/li>\n\t\t\t<\/ul>\n\t<input type=\"hidden\" name=\"filter_job_type[]\" value=\"\" \/>\n<div class=\"showing_jobs\"><\/div><\/form>\n\n\n<noscript>Your browser does not support JavaScript, or it is disabled. JavaScript must be enabled in order to view listings.<\/noscript><ul class=\"job_listings\">\n<\/ul>\n<a class=\"load_more_jobs\" href=\"#\" style=\"display:none;\"><strong>Load more listings<\/strong><\/a><\/div>\n","protected":false},"excerpt":{"rendered":"<p>Vernon is commited to a culsture of diversity and profesisonal growth for its professionals, of which 89% have University Degrees. Grupo Vernon selects the candidate that shows the best combination of competencies, skills, presentation, experience and adaptability to the job, providing an equal opportunity to&#8230;<\/p>\n","protected":false},"author":14,"featured_media":0,"parent":0,"menu_order":0,"comment_status":"open","ping_status":"open","template":"","meta":{"_acf_changed":false,"jetpack_post_was_ever_published":false,"footnotes":""},"class_list":["post-3242","page","type-page","status-publish","hentry"],"acf":[],"jetpack_sharing_enabled":true,"jetpack_shortlink":"https:\/\/wp.me\/P4Mu6z-Qi","_links":{"self":[{"href":"https:\/\/www.grupovernon.com\/en\/wp-json\/wp\/v2\/pages\/3242","targetHints":{"allow":["GET"]}}],"collection":[{"href":"https:\/\/www.grupovernon.com\/en\/wp-json\/wp\/v2\/pages"}],"about":[{"href":"https:\/\/www.grupovernon.com\/en\/wp-json\/wp\/v2\/types\/page"}],"author":[{"embeddable":true,"href":"https:\/\/www.grupovernon.com\/en\/wp-json\/wp\/v2\/users\/14"}],"replies":[{"embeddable":true,"href":"https:\/\/www.grupovernon.com\/en\/wp-json\/wp\/v2\/comments?post=3242"}],"version-history":[{"count":3,"href":"https:\/\/www.grupovernon.com\/en\/wp-json\/wp\/v2\/pages\/3242\/revisions"}],"predecessor-version":[{"id":3433,"href":"https:\/\/www.grupovernon.com\/en\/wp-json\/wp\/v2\/pages\/3242\/revisions\/3433"}],"wp:attachment":[{"href":"https:\/\/www.grupovernon.com\/en\/wp-json\/wp\/v2\/media?parent=3242"}],"curies":[{"name":"wp","href":"https:\/\/api.w.org\/{rel}","templated":true}]}}