{"id":3241,"date":"2014-06-25T21:31:57","date_gmt":"2014-06-25T21:31:57","guid":{"rendered":"http:\/\/grupovernon.com\/en\/?page_id=3241"},"modified":"2016-05-31T14:23:41","modified_gmt":"2016-05-31T14:23:41","slug":"under-development","status":"publish","type":"page","link":"https:\/\/www.grupovernon.com\/en\/under-development\/","title":{"rendered":"Projects under development"},"content":{"rendered":"\n<div class=\"portfolio-grid\"><ul id=\"thumbs\" class=\"shaped hexagon\">\n<li class=\"item projects real-estate under-development\" ><div class=\"item-container\"><img decoding=\"async\" src=\"https:\/\/www.grupovernon.com\/wp-content\/uploads\/2014\/06\/image-of-S\u00e3o-Tom\u00e9-and-Pr\u00edncipe-view-270x270.jpg\" alt=\"S\u00e3o Tom\u00e9 e Pr\u00edncipe Social Homes\" \/><\/div><div class=\"item-info-overlay\"><div><h3 class=\"title\"><a href=\"https:\/\/www.grupovernon.com\/en\/portfolio\/casas-sociais-sao-tome-e-principe\/\">S\u00e3o Tom\u00e9 e Pr\u00edncipe Social Homes<\/a><\/h3><h4 class=\"no_title\"> Projects, Real Estate, Under Development<\/h4><p>This is a social project that comprises the construction of 24 homes in S\u00c3O TOM\u00c9 E PRINC\u00cdPE. The inauguration scheduled...<\/p><a href=\"https:\/\/www.grupovernon.com\/en\/portfolio\/casas-sociais-sao-tome-e-principe\/\" class=\"view\">details<\/a><a title=\"S\u00e3o Tom\u00e9 e Pr\u00edncipe Social Homes \/ Projects, Real Estate, Under Development\" href=\"https:\/\/www.grupovernon.com\/wp-content\/uploads\/2014\/06\/image-of-S\u00e3o-Tom\u00e9-and-Pr\u00edncipe-view.jpg\" class=\"preview\" data-rel=\"prettyPhoto[pretty_photo_gallery]\">preview<\/a><\/div><\/div><!--END ITEM-INFO-OVERLAY--><\/li>\n\n<li class=\"item projects real-estate under-development\" ><div class=\"item-container\"><img decoding=\"async\" src=\"https:\/\/www.grupovernon.com\/wp-content\/uploads\/2014\/06\/estate-270x270.png\" alt=\"Figueira II Apartment Complex\" \/><\/div><div class=\"item-info-overlay\"><div><h3 class=\"title\"><a href=\"https:\/\/www.grupovernon.com\/en\/portfolio\/condominio-figueira-ii\/\">Figueira II Apartment Complex<\/a><\/h3><h4 class=\"no_title\"> Projects, Real Estate, Under Development<\/h4><p>This project represents the second phase and continuation of the Figueira I apartment complex. Based on the same concepts, it&#8217;s...<\/p><a href=\"https:\/\/www.grupovernon.com\/en\/portfolio\/condominio-figueira-ii\/\" class=\"view\">details<\/a><a title=\"Figueira II Apartment Complex \/ Projects, Real Estate, Under Development\" href=\"https:\/\/www.grupovernon.com\/wp-content\/uploads\/2014\/06\/estate.png\" class=\"preview\" data-rel=\"prettyPhoto[pretty_photo_gallery]\">preview<\/a><\/div><\/div><!--END ITEM-INFO-OVERLAY--><\/li>\n<\/ul><\/div>\n","protected":false},"excerpt":{"rendered":"","protected":false},"author":14,"featured_media":0,"parent":0,"menu_order":0,"comment_status":"open","ping_status":"closed","template":"","meta":{"_acf_changed":false,"jetpack_post_was_ever_published":false,"footnotes":""},"class_list":["post-3241","page","type-page","status-publish","hentry"],"acf":[],"jetpack_sharing_enabled":true,"jetpack_shortlink":"https:\/\/wp.me\/P4Mu6z-Qh","_links":{"self":[{"href":"https:\/\/www.grupovernon.com\/en\/wp-json\/wp\/v2\/pages\/3241","targetHints":{"allow":["GET"]}}],"collection":[{"href":"https:\/\/www.grupovernon.com\/en\/wp-json\/wp\/v2\/pages"}],"about":[{"href":"https:\/\/www.grupovernon.com\/en\/wp-json\/wp\/v2\/types\/page"}],"author":[{"embeddable":true,"href":"https:\/\/www.grupovernon.com\/en\/wp-json\/wp\/v2\/users\/14"}],"replies":[{"embeddable":true,"href":"https:\/\/www.grupovernon.com\/en\/wp-json\/wp\/v2\/comments?post=3241"}],"version-history":[{"count":3,"href":"https:\/\/www.grupovernon.com\/en\/wp-json\/wp\/v2\/pages\/3241\/revisions"}],"predecessor-version":[{"id":3416,"href":"https:\/\/www.grupovernon.com\/en\/wp-json\/wp\/v2\/pages\/3241\/revisions\/3416"}],"wp:attachment":[{"href":"https:\/\/www.grupovernon.com\/en\/wp-json\/wp\/v2\/media?parent=3241"}],"curies":[{"name":"wp","href":"https:\/\/api.w.org\/{rel}","templated":true}]}}