{"id":3236,"date":"2014-06-27T07:06:47","date_gmt":"2014-06-27T07:06:47","guid":{"rendered":"http:\/\/grupovernon.com\/en\/?page_id=3236"},"modified":"2016-09-15T14:30:55","modified_gmt":"2016-09-15T14:30:55","slug":"manuel-antonio-da-silva-neto","status":"publish","type":"page","link":"https:\/\/www.grupovernon.com\/en\/manuel-antonio-da-silva-neto\/","title":{"rendered":"Manuel Ant\u00f3nio da Silva Neto"},"content":{"rendered":"<div class=\"one-half\">\nBorn in August 1965, Manuel Ant\u00f3nio da Silva Neto started his high school and university studies in Agronomy in the Huambo Province, and concluded his higher education in France.<\/p>\n<p>He concluded a Diploma of In Depth Studies in the field of Rural Sociology by the University of Toulouse &#8211; Le Mirail and afterwards he registered in a Doctorate Thesis where Land and Customary law have constituted the key elements of his research.<\/p>\n<p>Mr. Neto worked as a professor for the High School Agriculture Institute in Huambo, as a Director for the High School Agriculture Institute in Malange and as a Technical Assistant for the National High School Bureau and of the Education Ministry of Angola.<\/p>\n<p>In 1998 Mr. Neto opted for the non-profit movement where he was the General Coordinator of AAD (Ac\u00e7\u00e3o angolana para o Desenvolvimento) and worked as a researcher for ADRA (Ac\u00e7\u00e3o para desenvolvimento rural e ambiente) and was subsequently promoted to Assistant General Director.<\/p>\n<p>Mr. Neto was also a Coordinator for \u201cRede Terra\u201d, and independent consultant having participated in the strategic planning process for IECA, OIKOS and IDA respectively.<\/p>\n<p>In 2004, Mr. Neto embraced the business world having actively participated in the founding and development of two projects for Vernon in the agroindustrial sector in the province of Benguela, respectively PROCEA, Lda and COMFUBA, Lda where he acts as Executive Director.<\/p>\n<p>In 2007 Mr. Neto joined Grupo Vernon where he holds the title of Executive Administrator.<br \/>\n<\/div>\n<div class=\"one-half last\">\n<img decoding=\"async\" src=\"http:\/\/grupovernon.com\/wp-content\/uploads\/2015\/01\/manuelneto3.jpg\" alt=\"Manuel Neto\" \/><br \/>\n<\/div>\n","protected":false},"excerpt":{"rendered":"","protected":false},"author":14,"featured_media":0,"parent":0,"menu_order":0,"comment_status":"open","ping_status":"open","template":"","meta":{"_acf_changed":false,"jetpack_post_was_ever_published":false,"footnotes":""},"class_list":["post-3236","page","type-page","status-publish","hentry"],"acf":[],"jetpack_sharing_enabled":true,"jetpack_shortlink":"https:\/\/wp.me\/P4Mu6z-Qc","_links":{"self":[{"href":"https:\/\/www.grupovernon.com\/en\/wp-json\/wp\/v2\/pages\/3236","targetHints":{"allow":["GET"]}}],"collection":[{"href":"https:\/\/www.grupovernon.com\/en\/wp-json\/wp\/v2\/pages"}],"about":[{"href":"https:\/\/www.grupovernon.com\/en\/wp-json\/wp\/v2\/types\/page"}],"author":[{"embeddable":true,"href":"https:\/\/www.grupovernon.com\/en\/wp-json\/wp\/v2\/users\/14"}],"replies":[{"embeddable":true,"href":"https:\/\/www.grupovernon.com\/en\/wp-json\/wp\/v2\/comments?post=3236"}],"version-history":[{"count":3,"href":"https:\/\/www.grupovernon.com\/en\/wp-json\/wp\/v2\/pages\/3236\/revisions"}],"predecessor-version":[{"id":3432,"href":"https:\/\/www.grupovernon.com\/en\/wp-json\/wp\/v2\/pages\/3236\/revisions\/3432"}],"wp:attachment":[{"href":"https:\/\/www.grupovernon.com\/en\/wp-json\/wp\/v2\/media?parent=3236"}],"curies":[{"name":"wp","href":"https:\/\/api.w.org\/{rel}","templated":true}]}}